{"id":10,"date":"2022-04-13T20:09:01","date_gmt":"2022-04-13T18:09:01","guid":{"rendered":"http:\/\/clavicx.cluster031.hosting.ovh.net\/?page_id=10"},"modified":"2022-04-13T20:09:01","modified_gmt":"2022-04-13T18:09:01","slug":"remboursements_retours","status":"publish","type":"page","link":"https:\/\/claviculanoxshop.fr\/index.php\/remboursements_retours\/","title":{"rendered":"Politique en mati\u00e8re de remboursements et de retours"},"content":{"rendered":"\n<p>Le bijou que vous avez command\u00e9 ne correspond pas \u00e0 vos attentes ? Vous vous \u00eates tromp\u00e9s de taille ? Pas de soucis, vous avez 14 jours \u00e0 partir de la r\u00e9ception de votre colis pour retourner votre commande. <\/p>\n\n\n\n<p>Pour des raisons logistiques, nous ne sommes pas en mesure de proc\u00e9der \u00e0 un \u00e9change. Il est possible uniquement d&#8217;obtenir un remboursement ou un avoir. <br><br><strong><mark style=\"background-color:rgba(0, 0, 0, 0)\" class=\"has-inline-color has-light-brown-color\">Attention<\/mark>  :  pour des raisons d&#8217;hygi\u00e8ne, nous ne pouvons pas reprendre un bijou qui aurait \u00e9t\u00e9 port\u00e9 ou sorti de son emballage. V\u00e9rifiez votre bijou avant de le deballer. <\/strong><\/p>\n\n\n\n<p>Pour obtenir un bon de retour, vous pouvez contacter notre service client via le formulaire de contact.<\/p>\n\n\n\n<p>Les frais de port pour le retour sont \u00e0 charge du client.<\/p>\n\n\n\n<p><\/p>\n\n\n\n<p><\/p>\n","protected":false},"excerpt":{"rendered":"<p>&hellip; <\/p>\n<p><a class=\"more-link excerpt\" href=\"https:\/\/claviculanoxshop.fr\/index.php\/remboursements_retours\/\">Continue reading <span class=\"screen-reader-text\">Politique en mati\u00e8re de remboursements et de retours<\/span><\/a><\/p>\n","protected":false},"author":1,"featured_media":0,"parent":0,"menu_order":0,"comment_status":"closed","ping_status":"closed","template":"","meta":{"spay_email":"","footnotes":""},"class_list":["post-10","page","type-page","status-publish","hentry","entry"],"yoast_head":"<!-- This site is optimized with the Yoast SEO plugin v18.8 - https:\/\/yoast.com\/wordpress\/plugins\/seo\/ -->\n<title>Politique en mati\u00e8re de remboursements et de retours - Clavicula Nox<\/title>\n<meta name=\"robots\" content=\"index, follow, max-snippet:-1, max-image-preview:large, max-video-preview:-1\" \/>\n<link rel=\"canonical\" href=\"https:\/\/claviculanoxshop.fr\/index.php\/remboursements_retours\/\" \/>\n<meta property=\"og:locale\" content=\"fr_FR\" \/>\n<meta property=\"og:type\" content=\"article\" \/>\n<meta property=\"og:title\" content=\"Politique en mati\u00e8re de remboursements et de retours - Clavicula Nox\" \/>\n<meta property=\"og:description\" content=\"&hellip; Continue reading Politique en mati\u00e8re de remboursements et de retours\" \/>\n<meta property=\"og:url\" content=\"https:\/\/claviculanoxshop.fr\/index.php\/remboursements_retours\/\" \/>\n<meta property=\"og:site_name\" content=\"Clavicula Nox\" \/>\n<meta name=\"twitter:card\" content=\"summary_large_image\" \/>\n<meta name=\"twitter:label1\" content=\"Dur\u00e9e de lecture estim\u00e9e\" \/>\n\t<meta name=\"twitter:data1\" content=\"1 minute\" \/>\n<script type=\"application\/ld+json\" class=\"yoast-schema-graph\">{\"@context\":\"https:\/\/schema.org\",\"@graph\":[{\"@type\":\"WebSite\",\"@id\":\"https:\/\/claviculanoxshop.fr\/#website\",\"url\":\"https:\/\/claviculanoxshop.fr\/\",\"name\":\"Clavicula Nox\",\"description\":\"Boutique de piercing\",\"potentialAction\":[{\"@type\":\"SearchAction\",\"target\":{\"@type\":\"EntryPoint\",\"urlTemplate\":\"https:\/\/claviculanoxshop.fr\/?s={search_term_string}\"},\"query-input\":\"required name=search_term_string\"}],\"inLanguage\":\"fr-FR\"},{\"@type\":\"WebPage\",\"@id\":\"https:\/\/claviculanoxshop.fr\/index.php\/remboursements_retours\/#webpage\",\"url\":\"https:\/\/claviculanoxshop.fr\/index.php\/remboursements_retours\/\",\"name\":\"Politique en mati\u00e8re de remboursements et de retours - Clavicula Nox\",\"isPartOf\":{\"@id\":\"https:\/\/claviculanoxshop.fr\/#website\"},\"datePublished\":\"2022-04-13T18:09:01+00:00\",\"dateModified\":\"2022-04-13T18:09:01+00:00\",\"breadcrumb\":{\"@id\":\"https:\/\/claviculanoxshop.fr\/index.php\/remboursements_retours\/#breadcrumb\"},\"inLanguage\":\"fr-FR\",\"potentialAction\":[{\"@type\":\"ReadAction\",\"target\":[\"https:\/\/claviculanoxshop.fr\/index.php\/remboursements_retours\/\"]}]},{\"@type\":\"BreadcrumbList\",\"@id\":\"https:\/\/claviculanoxshop.fr\/index.php\/remboursements_retours\/#breadcrumb\",\"itemListElement\":[{\"@type\":\"ListItem\",\"position\":1,\"name\":\"Accueil\",\"item\":\"https:\/\/claviculanoxshop.fr\/\"},{\"@type\":\"ListItem\",\"position\":2,\"name\":\"Politique en mati\u00e8re de remboursements et de retours\"}]}]}<\/script>\n<!-- \/ Yoast SEO plugin. -->","yoast_head_json":{"title":"Politique en mati\u00e8re de remboursements et de retours - Clavicula Nox","robots":{"index":"index","follow":"follow","max-snippet":"max-snippet:-1","max-image-preview":"max-image-preview:large","max-video-preview":"max-video-preview:-1"},"canonical":"https:\/\/claviculanoxshop.fr\/index.php\/remboursements_retours\/","og_locale":"fr_FR","og_type":"article","og_title":"Politique en mati\u00e8re de remboursements et de retours - Clavicula Nox","og_description":"&hellip; Continue reading Politique en mati\u00e8re de remboursements et de retours","og_url":"https:\/\/claviculanoxshop.fr\/index.php\/remboursements_retours\/","og_site_name":"Clavicula Nox","twitter_card":"summary_large_image","twitter_misc":{"Dur\u00e9e de lecture estim\u00e9e":"1 minute"},"schema":{"@context":"https:\/\/schema.org","@graph":[{"@type":"WebSite","@id":"https:\/\/claviculanoxshop.fr\/#website","url":"https:\/\/claviculanoxshop.fr\/","name":"Clavicula Nox","description":"Boutique de piercing","potentialAction":[{"@type":"SearchAction","target":{"@type":"EntryPoint","urlTemplate":"https:\/\/claviculanoxshop.fr\/?s={search_term_string}"},"query-input":"required name=search_term_string"}],"inLanguage":"fr-FR"},{"@type":"WebPage","@id":"https:\/\/claviculanoxshop.fr\/index.php\/remboursements_retours\/#webpage","url":"https:\/\/claviculanoxshop.fr\/index.php\/remboursements_retours\/","name":"Politique en mati\u00e8re de remboursements et de retours - Clavicula Nox","isPartOf":{"@id":"https:\/\/claviculanoxshop.fr\/#website"},"datePublished":"2022-04-13T18:09:01+00:00","dateModified":"2022-04-13T18:09:01+00:00","breadcrumb":{"@id":"https:\/\/claviculanoxshop.fr\/index.php\/remboursements_retours\/#breadcrumb"},"inLanguage":"fr-FR","potentialAction":[{"@type":"ReadAction","target":["https:\/\/claviculanoxshop.fr\/index.php\/remboursements_retours\/"]}]},{"@type":"BreadcrumbList","@id":"https:\/\/claviculanoxshop.fr\/index.php\/remboursements_retours\/#breadcrumb","itemListElement":[{"@type":"ListItem","position":1,"name":"Accueil","item":"https:\/\/claviculanoxshop.fr\/"},{"@type":"ListItem","position":2,"name":"Politique en mati\u00e8re de remboursements et de retours"}]}]}},"_links":{"self":[{"href":"https:\/\/claviculanoxshop.fr\/index.php\/wp-json\/wp\/v2\/pages\/10","targetHints":{"allow":["GET"]}}],"collection":[{"href":"https:\/\/claviculanoxshop.fr\/index.php\/wp-json\/wp\/v2\/pages"}],"about":[{"href":"https:\/\/claviculanoxshop.fr\/index.php\/wp-json\/wp\/v2\/types\/page"}],"author":[{"embeddable":true,"href":"https:\/\/claviculanoxshop.fr\/index.php\/wp-json\/wp\/v2\/users\/1"}],"replies":[{"embeddable":true,"href":"https:\/\/claviculanoxshop.fr\/index.php\/wp-json\/wp\/v2\/comments?post=10"}],"version-history":[{"count":1,"href":"https:\/\/claviculanoxshop.fr\/index.php\/wp-json\/wp\/v2\/pages\/10\/revisions"}],"predecessor-version":[{"id":34,"href":"https:\/\/claviculanoxshop.fr\/index.php\/wp-json\/wp\/v2\/pages\/10\/revisions\/34"}],"wp:attachment":[{"href":"https:\/\/claviculanoxshop.fr\/index.php\/wp-json\/wp\/v2\/media?parent=10"}],"curies":[{"name":"wp","href":"https:\/\/api.w.org\/{rel}","templated":true}]}}