{"id":43,"date":"2022-04-13T22:40:55","date_gmt":"2022-04-13T20:40:55","guid":{"rendered":"https:\/\/claviculanoxshop.fr\/?post_type=product&#038;p=43"},"modified":"2022-04-20T21:24:38","modified_gmt":"2022-04-20T19:24:38","slug":"anneau-clicker-or-marquise","status":"publish","type":"product","link":"https:\/\/claviculanoxshop.fr\/index.php\/produit\/anneau-clicker-or-marquise\/","title":{"rendered":"Anneau Clicker Or Marquise"},"content":{"rendered":"<p>Clicker en titane ATSM-F136 PVD Gold orn\u00e9 d&#8217;une marquise de trois opales synth\u00e9tiques.<\/p>\n<p>&nbsp;<\/p>\n","protected":false},"excerpt":{"rendered":"<p>Clicker en titane ATSM-F136 colori or orn\u00e9 d&#8217;une marquise de trois opales synth\u00e9tiques.<br \/>\nCe bijou est d&#8217;un diam\u00e8tre de 10mm et d&#8217;une \u00e9paisseur de 1,2mm. Il est id\u00e9al pour un h\u00e9lix, un daith ou encore un septum.<\/p>\n","protected":false},"featured_media":41,"comment_status":"open","ping_status":"closed","template":"","meta":{"spay_email":""},"product_cat":[39,20],"product_tag":[27,29,21,28,24,26],"class_list":["post-43","product","type-product","status-publish","has-post-thumbnail","hentry","product_cat-anneaux-bijoux-en-titane","product_cat-bijoux-en-titane","product_tag-clicker","product_tag-daith","product_tag-helix","product_tag-septum","product_tag-titane","product_tag-titane-pvd-gold","entry"],"yoast_head":"<!-- This site is optimized with the Yoast SEO plugin v18.8 - https:\/\/yoast.com\/wordpress\/plugins\/seo\/ -->\n<title>Anneau Clicker Or Marquise - Clavicula Nox<\/title>\n<meta name=\"robots\" content=\"index, follow, max-snippet:-1, max-image-preview:large, max-video-preview:-1\" \/>\n<link rel=\"canonical\" href=\"https:\/\/claviculanoxshop.fr\/index.php\/produit\/anneau-clicker-or-marquise\/\" \/>\n<meta property=\"og:locale\" content=\"fr_FR\" \/>\n<meta property=\"og:type\" content=\"article\" \/>\n<meta property=\"og:title\" content=\"Anneau Clicker Or Marquise - Clavicula Nox\" \/>\n<meta property=\"og:description\" content=\"Clicker en titane ATSM-F136 colori or orn\u00e9 d&#039;une marquise de trois opales synth\u00e9tiques. Ce bijou est d&#039;un diam\u00e8tre de 10mm et d&#039;une \u00e9paisseur de 1,2mm. Il est id\u00e9al pour un h\u00e9lix, un daith ou encore un septum.\" \/>\n<meta property=\"og:url\" content=\"https:\/\/claviculanoxshop.fr\/index.php\/produit\/anneau-clicker-or-marquise\/\" \/>\n<meta property=\"og:site_name\" content=\"Clavicula Nox\" \/>\n<meta property=\"article:modified_time\" content=\"2022-04-20T19:24:38+00:00\" \/>\n<meta property=\"og:image\" content=\"https:\/\/i0.wp.com\/claviculanoxshop.fr\/wp-content\/uploads\/2022\/04\/clicker-opale-1.jpg?fit=1500%2C1000&#038;ssl=1\" \/>\n\t<meta property=\"og:image:width\" content=\"1500\" \/>\n\t<meta property=\"og:image:height\" content=\"1000\" \/>\n\t<meta property=\"og:image:type\" content=\"image\/jpeg\" \/>\n<meta name=\"twitter:card\" content=\"summary_large_image\" \/>\n<script type=\"application\/ld+json\" class=\"yoast-schema-graph\">{\"@context\":\"https:\/\/schema.org\",\"@graph\":[{\"@type\":\"WebSite\",\"@id\":\"https:\/\/claviculanoxshop.fr\/#website\",\"url\":\"https:\/\/claviculanoxshop.fr\/\",\"name\":\"Clavicula Nox\",\"description\":\"Boutique de piercing\",\"potentialAction\":[{\"@type\":\"SearchAction\",\"target\":{\"@type\":\"EntryPoint\",\"urlTemplate\":\"https:\/\/claviculanoxshop.fr\/?s={search_term_string}\"},\"query-input\":\"required name=search_term_string\"}],\"inLanguage\":\"fr-FR\"},{\"@type\":\"ImageObject\",\"inLanguage\":\"fr-FR\",\"@id\":\"https:\/\/claviculanoxshop.fr\/index.php\/produit\/anneau-clicker-or-marquise\/#primaryimage\",\"url\":\"https:\/\/i0.wp.com\/claviculanoxshop.fr\/wp-content\/uploads\/2022\/04\/clicker-opale-1.jpg?fit=1500%2C1000&ssl=1\",\"contentUrl\":\"https:\/\/i0.wp.com\/claviculanoxshop.fr\/wp-content\/uploads\/2022\/04\/clicker-opale-1.jpg?fit=1500%2C1000&ssl=1\",\"width\":1500,\"height\":1000},{\"@type\":\"WebPage\",\"@id\":\"https:\/\/claviculanoxshop.fr\/index.php\/produit\/anneau-clicker-or-marquise\/#webpage\",\"url\":\"https:\/\/claviculanoxshop.fr\/index.php\/produit\/anneau-clicker-or-marquise\/\",\"name\":\"Anneau Clicker Or Marquise - Clavicula Nox\",\"isPartOf\":{\"@id\":\"https:\/\/claviculanoxshop.fr\/#website\"},\"primaryImageOfPage\":{\"@id\":\"https:\/\/claviculanoxshop.fr\/index.php\/produit\/anneau-clicker-or-marquise\/#primaryimage\"},\"datePublished\":\"2022-04-13T20:40:55+00:00\",\"dateModified\":\"2022-04-20T19:24:38+00:00\",\"breadcrumb\":{\"@id\":\"https:\/\/claviculanoxshop.fr\/index.php\/produit\/anneau-clicker-or-marquise\/#breadcrumb\"},\"inLanguage\":\"fr-FR\",\"potentialAction\":[{\"@type\":\"ReadAction\",\"target\":[\"https:\/\/claviculanoxshop.fr\/index.php\/produit\/anneau-clicker-or-marquise\/\"]}]},{\"@type\":\"BreadcrumbList\",\"@id\":\"https:\/\/claviculanoxshop.fr\/index.php\/produit\/anneau-clicker-or-marquise\/#breadcrumb\",\"itemListElement\":[{\"@type\":\"ListItem\",\"position\":1,\"name\":\"Accueil\",\"item\":\"https:\/\/claviculanoxshop.fr\/\"},{\"@type\":\"ListItem\",\"position\":2,\"name\":\"Boutique\",\"item\":\"https:\/\/claviculanoxshop.fr\/index.php\/boutique\/\"},{\"@type\":\"ListItem\",\"position\":3,\"name\":\"Anneau Clicker Or Marquise\"}]}]}<\/script>\n<!-- \/ Yoast SEO plugin. -->","yoast_head_json":{"title":"Anneau Clicker Or Marquise - Clavicula Nox","robots":{"index":"index","follow":"follow","max-snippet":"max-snippet:-1","max-image-preview":"max-image-preview:large","max-video-preview":"max-video-preview:-1"},"canonical":"https:\/\/claviculanoxshop.fr\/index.php\/produit\/anneau-clicker-or-marquise\/","og_locale":"fr_FR","og_type":"article","og_title":"Anneau Clicker Or Marquise - Clavicula Nox","og_description":"Clicker en titane ATSM-F136 colori or orn\u00e9 d'une marquise de trois opales synth\u00e9tiques. Ce bijou est d'un diam\u00e8tre de 10mm et d'une \u00e9paisseur de 1,2mm. Il est id\u00e9al pour un h\u00e9lix, un daith ou encore un septum.","og_url":"https:\/\/claviculanoxshop.fr\/index.php\/produit\/anneau-clicker-or-marquise\/","og_site_name":"Clavicula Nox","article_modified_time":"2022-04-20T19:24:38+00:00","og_image":[{"width":1500,"height":1000,"url":"https:\/\/i0.wp.com\/claviculanoxshop.fr\/wp-content\/uploads\/2022\/04\/clicker-opale-1.jpg?fit=1500%2C1000&ssl=1","type":"image\/jpeg"}],"twitter_card":"summary_large_image","schema":{"@context":"https:\/\/schema.org","@graph":[{"@type":"WebSite","@id":"https:\/\/claviculanoxshop.fr\/#website","url":"https:\/\/claviculanoxshop.fr\/","name":"Clavicula Nox","description":"Boutique de piercing","potentialAction":[{"@type":"SearchAction","target":{"@type":"EntryPoint","urlTemplate":"https:\/\/claviculanoxshop.fr\/?s={search_term_string}"},"query-input":"required name=search_term_string"}],"inLanguage":"fr-FR"},{"@type":"ImageObject","inLanguage":"fr-FR","@id":"https:\/\/claviculanoxshop.fr\/index.php\/produit\/anneau-clicker-or-marquise\/#primaryimage","url":"https:\/\/i0.wp.com\/claviculanoxshop.fr\/wp-content\/uploads\/2022\/04\/clicker-opale-1.jpg?fit=1500%2C1000&ssl=1","contentUrl":"https:\/\/i0.wp.com\/claviculanoxshop.fr\/wp-content\/uploads\/2022\/04\/clicker-opale-1.jpg?fit=1500%2C1000&ssl=1","width":1500,"height":1000},{"@type":"WebPage","@id":"https:\/\/claviculanoxshop.fr\/index.php\/produit\/anneau-clicker-or-marquise\/#webpage","url":"https:\/\/claviculanoxshop.fr\/index.php\/produit\/anneau-clicker-or-marquise\/","name":"Anneau Clicker Or Marquise - Clavicula Nox","isPartOf":{"@id":"https:\/\/claviculanoxshop.fr\/#website"},"primaryImageOfPage":{"@id":"https:\/\/claviculanoxshop.fr\/index.php\/produit\/anneau-clicker-or-marquise\/#primaryimage"},"datePublished":"2022-04-13T20:40:55+00:00","dateModified":"2022-04-20T19:24:38+00:00","breadcrumb":{"@id":"https:\/\/claviculanoxshop.fr\/index.php\/produit\/anneau-clicker-or-marquise\/#breadcrumb"},"inLanguage":"fr-FR","potentialAction":[{"@type":"ReadAction","target":["https:\/\/claviculanoxshop.fr\/index.php\/produit\/anneau-clicker-or-marquise\/"]}]},{"@type":"BreadcrumbList","@id":"https:\/\/claviculanoxshop.fr\/index.php\/produit\/anneau-clicker-or-marquise\/#breadcrumb","itemListElement":[{"@type":"ListItem","position":1,"name":"Accueil","item":"https:\/\/claviculanoxshop.fr\/"},{"@type":"ListItem","position":2,"name":"Boutique","item":"https:\/\/claviculanoxshop.fr\/index.php\/boutique\/"},{"@type":"ListItem","position":3,"name":"Anneau Clicker Or Marquise"}]}]}},"_links":{"self":[{"href":"https:\/\/claviculanoxshop.fr\/index.php\/wp-json\/wp\/v2\/product\/43","targetHints":{"allow":["GET"]}}],"collection":[{"href":"https:\/\/claviculanoxshop.fr\/index.php\/wp-json\/wp\/v2\/product"}],"about":[{"href":"https:\/\/claviculanoxshop.fr\/index.php\/wp-json\/wp\/v2\/types\/product"}],"replies":[{"embeddable":true,"href":"https:\/\/claviculanoxshop.fr\/index.php\/wp-json\/wp\/v2\/comments?post=43"}],"wp:featuredmedia":[{"embeddable":true,"href":"https:\/\/claviculanoxshop.fr\/index.php\/wp-json\/wp\/v2\/media\/41"}],"wp:attachment":[{"href":"https:\/\/claviculanoxshop.fr\/index.php\/wp-json\/wp\/v2\/media?parent=43"}],"wp:term":[{"taxonomy":"product_cat","embeddable":true,"href":"https:\/\/claviculanoxshop.fr\/index.php\/wp-json\/wp\/v2\/product_cat?post=43"},{"taxonomy":"product_tag","embeddable":true,"href":"https:\/\/claviculanoxshop.fr\/index.php\/wp-json\/wp\/v2\/product_tag?post=43"}],"curies":[{"name":"wp","href":"https:\/\/api.w.org\/{rel}","templated":true}]}}