{"id":48,"date":"2022-04-13T22:58:38","date_gmt":"2022-04-13T20:58:38","guid":{"rendered":"https:\/\/claviculanoxshop.fr\/?post_type=product&#038;p=48"},"modified":"2025-09-30T00:02:32","modified_gmt":"2025-09-29T22:02:32","slug":"marquise-griffee","status":"publish","type":"product","link":"https:\/\/claviculanoxshop.fr\/index.php\/produit\/marquise-griffee\/","title":{"rendered":"Marquise Griff\u00e9e"},"content":{"rendered":"<p>Ornez votre h\u00e9lix ou votre conch avec cette magnifique marquise griff\u00e9e d&#8217;opales violettes aux reflets changeants. Ce bijou est en titane ATSM F136. Il est founi avec une barre de labret en 1,2mm d&#8217;une longueur de 8mm pour vissage interne en 0,9mm.<\/p>\n<p>&nbsp;<\/p>\n","protected":false},"excerpt":{"rendered":"<p>Magnifique Marquise Griff\u00e9e Opale Violette Titane F136 interne<br \/>\nASTM F136 &#8211; Taille : 2x4mm<br \/>\nPour vissage interne 0.9mm sur barre 1.2mm<\/p>\n","protected":false},"featured_media":42,"comment_status":"open","ping_status":"closed","template":"","meta":{"spay_email":""},"product_cat":[20],"product_tag":[22,21,25,31,30,24],"class_list":["post-48","product","type-product","status-publish","has-post-thumbnail","hentry","product_cat-bijoux-en-titane","product_tag-conch","product_tag-helix","product_tag-labret","product_tag-lobe","product_tag-opale","product_tag-titane","entry"],"yoast_head":"<!-- This site is optimized with the Yoast SEO plugin v18.8 - https:\/\/yoast.com\/wordpress\/plugins\/seo\/ -->\n<title>Marquise Griff\u00e9e - Clavicula Nox<\/title>\n<meta name=\"robots\" content=\"index, follow, max-snippet:-1, max-image-preview:large, max-video-preview:-1\" \/>\n<link rel=\"canonical\" href=\"https:\/\/claviculanoxshop.fr\/index.php\/produit\/marquise-griffee\/\" \/>\n<meta property=\"og:locale\" content=\"fr_FR\" \/>\n<meta property=\"og:type\" content=\"article\" \/>\n<meta property=\"og:title\" content=\"Marquise Griff\u00e9e - Clavicula Nox\" \/>\n<meta property=\"og:description\" content=\"Magnifique Marquise Griff\u00e9e Opale Violette Titane F136 interne ASTM F136 - Taille : 2x4mm Pour vissage interne 0.9mm sur barre 1.2mm\" \/>\n<meta property=\"og:url\" content=\"https:\/\/claviculanoxshop.fr\/index.php\/produit\/marquise-griffee\/\" \/>\n<meta property=\"og:site_name\" content=\"Clavicula Nox\" \/>\n<meta property=\"article:modified_time\" content=\"2025-09-29T22:02:32+00:00\" \/>\n<meta property=\"og:image\" content=\"https:\/\/i0.wp.com\/claviculanoxshop.fr\/wp-content\/uploads\/2022\/04\/Marquises-Antikorp-2.jpg?fit=1500%2C1000&#038;ssl=1\" \/>\n\t<meta property=\"og:image:width\" content=\"1500\" \/>\n\t<meta property=\"og:image:height\" content=\"1000\" \/>\n\t<meta property=\"og:image:type\" content=\"image\/jpeg\" \/>\n<meta name=\"twitter:card\" content=\"summary_large_image\" \/>\n<script type=\"application\/ld+json\" class=\"yoast-schema-graph\">{\"@context\":\"https:\/\/schema.org\",\"@graph\":[{\"@type\":\"WebSite\",\"@id\":\"https:\/\/claviculanoxshop.fr\/#website\",\"url\":\"https:\/\/claviculanoxshop.fr\/\",\"name\":\"Clavicula Nox\",\"description\":\"Boutique de piercing\",\"potentialAction\":[{\"@type\":\"SearchAction\",\"target\":{\"@type\":\"EntryPoint\",\"urlTemplate\":\"https:\/\/claviculanoxshop.fr\/?s={search_term_string}\"},\"query-input\":\"required name=search_term_string\"}],\"inLanguage\":\"fr-FR\"},{\"@type\":\"ImageObject\",\"inLanguage\":\"fr-FR\",\"@id\":\"https:\/\/claviculanoxshop.fr\/index.php\/produit\/marquise-griffee\/#primaryimage\",\"url\":\"https:\/\/i0.wp.com\/claviculanoxshop.fr\/wp-content\/uploads\/2022\/04\/Marquises-Antikorp-2.jpg?fit=1500%2C1000&ssl=1\",\"contentUrl\":\"https:\/\/i0.wp.com\/claviculanoxshop.fr\/wp-content\/uploads\/2022\/04\/Marquises-Antikorp-2.jpg?fit=1500%2C1000&ssl=1\",\"width\":1500,\"height\":1000},{\"@type\":\"WebPage\",\"@id\":\"https:\/\/claviculanoxshop.fr\/index.php\/produit\/marquise-griffee\/#webpage\",\"url\":\"https:\/\/claviculanoxshop.fr\/index.php\/produit\/marquise-griffee\/\",\"name\":\"Marquise Griff\u00e9e - Clavicula Nox\",\"isPartOf\":{\"@id\":\"https:\/\/claviculanoxshop.fr\/#website\"},\"primaryImageOfPage\":{\"@id\":\"https:\/\/claviculanoxshop.fr\/index.php\/produit\/marquise-griffee\/#primaryimage\"},\"datePublished\":\"2022-04-13T20:58:38+00:00\",\"dateModified\":\"2025-09-29T22:02:32+00:00\",\"breadcrumb\":{\"@id\":\"https:\/\/claviculanoxshop.fr\/index.php\/produit\/marquise-griffee\/#breadcrumb\"},\"inLanguage\":\"fr-FR\",\"potentialAction\":[{\"@type\":\"ReadAction\",\"target\":[\"https:\/\/claviculanoxshop.fr\/index.php\/produit\/marquise-griffee\/\"]}]},{\"@type\":\"BreadcrumbList\",\"@id\":\"https:\/\/claviculanoxshop.fr\/index.php\/produit\/marquise-griffee\/#breadcrumb\",\"itemListElement\":[{\"@type\":\"ListItem\",\"position\":1,\"name\":\"Accueil\",\"item\":\"https:\/\/claviculanoxshop.fr\/\"},{\"@type\":\"ListItem\",\"position\":2,\"name\":\"Boutique\",\"item\":\"https:\/\/claviculanoxshop.fr\/index.php\/boutique\/\"},{\"@type\":\"ListItem\",\"position\":3,\"name\":\"Marquise Griff\u00e9e\"}]}]}<\/script>\n<!-- \/ Yoast SEO plugin. -->","yoast_head_json":{"title":"Marquise Griff\u00e9e - Clavicula Nox","robots":{"index":"index","follow":"follow","max-snippet":"max-snippet:-1","max-image-preview":"max-image-preview:large","max-video-preview":"max-video-preview:-1"},"canonical":"https:\/\/claviculanoxshop.fr\/index.php\/produit\/marquise-griffee\/","og_locale":"fr_FR","og_type":"article","og_title":"Marquise Griff\u00e9e - Clavicula Nox","og_description":"Magnifique Marquise Griff\u00e9e Opale Violette Titane F136 interne ASTM F136 - Taille : 2x4mm Pour vissage interne 0.9mm sur barre 1.2mm","og_url":"https:\/\/claviculanoxshop.fr\/index.php\/produit\/marquise-griffee\/","og_site_name":"Clavicula Nox","article_modified_time":"2025-09-29T22:02:32+00:00","og_image":[{"width":1500,"height":1000,"url":"https:\/\/i0.wp.com\/claviculanoxshop.fr\/wp-content\/uploads\/2022\/04\/Marquises-Antikorp-2.jpg?fit=1500%2C1000&ssl=1","type":"image\/jpeg"}],"twitter_card":"summary_large_image","schema":{"@context":"https:\/\/schema.org","@graph":[{"@type":"WebSite","@id":"https:\/\/claviculanoxshop.fr\/#website","url":"https:\/\/claviculanoxshop.fr\/","name":"Clavicula Nox","description":"Boutique de piercing","potentialAction":[{"@type":"SearchAction","target":{"@type":"EntryPoint","urlTemplate":"https:\/\/claviculanoxshop.fr\/?s={search_term_string}"},"query-input":"required name=search_term_string"}],"inLanguage":"fr-FR"},{"@type":"ImageObject","inLanguage":"fr-FR","@id":"https:\/\/claviculanoxshop.fr\/index.php\/produit\/marquise-griffee\/#primaryimage","url":"https:\/\/i0.wp.com\/claviculanoxshop.fr\/wp-content\/uploads\/2022\/04\/Marquises-Antikorp-2.jpg?fit=1500%2C1000&ssl=1","contentUrl":"https:\/\/i0.wp.com\/claviculanoxshop.fr\/wp-content\/uploads\/2022\/04\/Marquises-Antikorp-2.jpg?fit=1500%2C1000&ssl=1","width":1500,"height":1000},{"@type":"WebPage","@id":"https:\/\/claviculanoxshop.fr\/index.php\/produit\/marquise-griffee\/#webpage","url":"https:\/\/claviculanoxshop.fr\/index.php\/produit\/marquise-griffee\/","name":"Marquise Griff\u00e9e - Clavicula Nox","isPartOf":{"@id":"https:\/\/claviculanoxshop.fr\/#website"},"primaryImageOfPage":{"@id":"https:\/\/claviculanoxshop.fr\/index.php\/produit\/marquise-griffee\/#primaryimage"},"datePublished":"2022-04-13T20:58:38+00:00","dateModified":"2025-09-29T22:02:32+00:00","breadcrumb":{"@id":"https:\/\/claviculanoxshop.fr\/index.php\/produit\/marquise-griffee\/#breadcrumb"},"inLanguage":"fr-FR","potentialAction":[{"@type":"ReadAction","target":["https:\/\/claviculanoxshop.fr\/index.php\/produit\/marquise-griffee\/"]}]},{"@type":"BreadcrumbList","@id":"https:\/\/claviculanoxshop.fr\/index.php\/produit\/marquise-griffee\/#breadcrumb","itemListElement":[{"@type":"ListItem","position":1,"name":"Accueil","item":"https:\/\/claviculanoxshop.fr\/"},{"@type":"ListItem","position":2,"name":"Boutique","item":"https:\/\/claviculanoxshop.fr\/index.php\/boutique\/"},{"@type":"ListItem","position":3,"name":"Marquise Griff\u00e9e"}]}]}},"_links":{"self":[{"href":"https:\/\/claviculanoxshop.fr\/index.php\/wp-json\/wp\/v2\/product\/48","targetHints":{"allow":["GET"]}}],"collection":[{"href":"https:\/\/claviculanoxshop.fr\/index.php\/wp-json\/wp\/v2\/product"}],"about":[{"href":"https:\/\/claviculanoxshop.fr\/index.php\/wp-json\/wp\/v2\/types\/product"}],"replies":[{"embeddable":true,"href":"https:\/\/claviculanoxshop.fr\/index.php\/wp-json\/wp\/v2\/comments?post=48"}],"wp:featuredmedia":[{"embeddable":true,"href":"https:\/\/claviculanoxshop.fr\/index.php\/wp-json\/wp\/v2\/media\/42"}],"wp:attachment":[{"href":"https:\/\/claviculanoxshop.fr\/index.php\/wp-json\/wp\/v2\/media?parent=48"}],"wp:term":[{"taxonomy":"product_cat","embeddable":true,"href":"https:\/\/claviculanoxshop.fr\/index.php\/wp-json\/wp\/v2\/product_cat?post=48"},{"taxonomy":"product_tag","embeddable":true,"href":"https:\/\/claviculanoxshop.fr\/index.php\/wp-json\/wp\/v2\/product_tag?post=48"}],"curies":[{"name":"wp","href":"https:\/\/api.w.org\/{rel}","templated":true}]}}