{"id":68,"date":"2022-04-16T23:12:00","date_gmt":"2022-04-16T21:12:00","guid":{"rendered":"https:\/\/claviculanoxshop.fr\/?post_type=product&#038;p=68"},"modified":"2025-09-18T04:31:23","modified_gmt":"2025-09-18T02:31:23","slug":"clicker-ovale-a-strass","status":"publish","type":"product","link":"https:\/\/claviculanoxshop.fr\/index.php\/produit\/clicker-ovale-a-strass\/","title":{"rendered":"Clicker Ovale \u00e0 strass"},"content":{"rendered":"<p>Clicker ovale en titane F136 orn\u00e9 de strass transparents. Sa forme allong\u00e9e ainsi que son petit diam\u00e8tre (6mm) en font un bijou id\u00e9al pour le daith.<\/p>\n<p>Diam\u00e8tre 1,2mm<\/p>\n","protected":false},"excerpt":{"rendered":"<p>Clicker ovale en titane F136 orn\u00e9 de strass transparents. Sa forme allong\u00e9e en fait un bijou id\u00e9al pour le daith.<\/p>\n<p>Diam\u00e8tre 1,2mm<\/p>\n","protected":false},"featured_media":62,"comment_status":"open","ping_status":"closed","template":"","meta":{"spay_email":""},"product_cat":[39],"product_tag":[29],"class_list":["post-68","product","type-product","status-publish","has-post-thumbnail","hentry","product_cat-anneaux-bijoux-en-titane","product_tag-daith","entry"],"yoast_head":"<!-- This site is optimized with the Yoast SEO plugin v18.8 - https:\/\/yoast.com\/wordpress\/plugins\/seo\/ -->\n<title>Clicker Ovale \u00e0 strass - Clavicula Nox<\/title>\n<meta name=\"robots\" content=\"index, follow, max-snippet:-1, max-image-preview:large, max-video-preview:-1\" \/>\n<link rel=\"canonical\" href=\"https:\/\/claviculanoxshop.fr\/index.php\/produit\/clicker-ovale-a-strass\/\" \/>\n<meta property=\"og:locale\" content=\"fr_FR\" \/>\n<meta property=\"og:type\" content=\"article\" \/>\n<meta property=\"og:title\" content=\"Clicker Ovale \u00e0 strass - Clavicula Nox\" \/>\n<meta property=\"og:description\" content=\"Clicker ovale en titane F136 orn\u00e9 de strass transparents. Sa forme allong\u00e9e en fait un bijou id\u00e9al pour le daith.  Diam\u00e8tre 1,2mm\" \/>\n<meta property=\"og:url\" content=\"https:\/\/claviculanoxshop.fr\/index.php\/produit\/clicker-ovale-a-strass\/\" \/>\n<meta property=\"og:site_name\" content=\"Clavicula Nox\" \/>\n<meta property=\"article:modified_time\" content=\"2025-09-18T02:31:23+00:00\" \/>\n<meta property=\"og:image\" content=\"https:\/\/i0.wp.com\/claviculanoxshop.fr\/wp-content\/uploads\/2022\/04\/Boutique-2-3.jpg?fit=1500%2C1000&#038;ssl=1\" \/>\n\t<meta property=\"og:image:width\" content=\"1500\" \/>\n\t<meta property=\"og:image:height\" content=\"1000\" \/>\n\t<meta property=\"og:image:type\" content=\"image\/jpeg\" \/>\n<meta name=\"twitter:card\" content=\"summary_large_image\" \/>\n<script type=\"application\/ld+json\" class=\"yoast-schema-graph\">{\"@context\":\"https:\/\/schema.org\",\"@graph\":[{\"@type\":\"WebSite\",\"@id\":\"https:\/\/claviculanoxshop.fr\/#website\",\"url\":\"https:\/\/claviculanoxshop.fr\/\",\"name\":\"Clavicula Nox\",\"description\":\"Boutique de piercing\",\"potentialAction\":[{\"@type\":\"SearchAction\",\"target\":{\"@type\":\"EntryPoint\",\"urlTemplate\":\"https:\/\/claviculanoxshop.fr\/?s={search_term_string}\"},\"query-input\":\"required name=search_term_string\"}],\"inLanguage\":\"fr-FR\"},{\"@type\":\"ImageObject\",\"inLanguage\":\"fr-FR\",\"@id\":\"https:\/\/claviculanoxshop.fr\/index.php\/produit\/clicker-ovale-a-strass\/#primaryimage\",\"url\":\"https:\/\/i0.wp.com\/claviculanoxshop.fr\/wp-content\/uploads\/2022\/04\/Boutique-2-3.jpg?fit=1500%2C1000&ssl=1\",\"contentUrl\":\"https:\/\/i0.wp.com\/claviculanoxshop.fr\/wp-content\/uploads\/2022\/04\/Boutique-2-3.jpg?fit=1500%2C1000&ssl=1\",\"width\":1500,\"height\":1000},{\"@type\":\"WebPage\",\"@id\":\"https:\/\/claviculanoxshop.fr\/index.php\/produit\/clicker-ovale-a-strass\/#webpage\",\"url\":\"https:\/\/claviculanoxshop.fr\/index.php\/produit\/clicker-ovale-a-strass\/\",\"name\":\"Clicker Ovale \u00e0 strass - Clavicula Nox\",\"isPartOf\":{\"@id\":\"https:\/\/claviculanoxshop.fr\/#website\"},\"primaryImageOfPage\":{\"@id\":\"https:\/\/claviculanoxshop.fr\/index.php\/produit\/clicker-ovale-a-strass\/#primaryimage\"},\"datePublished\":\"2022-04-16T21:12:00+00:00\",\"dateModified\":\"2025-09-18T02:31:23+00:00\",\"breadcrumb\":{\"@id\":\"https:\/\/claviculanoxshop.fr\/index.php\/produit\/clicker-ovale-a-strass\/#breadcrumb\"},\"inLanguage\":\"fr-FR\",\"potentialAction\":[{\"@type\":\"ReadAction\",\"target\":[\"https:\/\/claviculanoxshop.fr\/index.php\/produit\/clicker-ovale-a-strass\/\"]}]},{\"@type\":\"BreadcrumbList\",\"@id\":\"https:\/\/claviculanoxshop.fr\/index.php\/produit\/clicker-ovale-a-strass\/#breadcrumb\",\"itemListElement\":[{\"@type\":\"ListItem\",\"position\":1,\"name\":\"Accueil\",\"item\":\"https:\/\/claviculanoxshop.fr\/\"},{\"@type\":\"ListItem\",\"position\":2,\"name\":\"Boutique\",\"item\":\"https:\/\/claviculanoxshop.fr\/index.php\/boutique\/\"},{\"@type\":\"ListItem\",\"position\":3,\"name\":\"Clicker Ovale \u00e0 strass\"}]}]}<\/script>\n<!-- \/ Yoast SEO plugin. -->","yoast_head_json":{"title":"Clicker Ovale \u00e0 strass - Clavicula Nox","robots":{"index":"index","follow":"follow","max-snippet":"max-snippet:-1","max-image-preview":"max-image-preview:large","max-video-preview":"max-video-preview:-1"},"canonical":"https:\/\/claviculanoxshop.fr\/index.php\/produit\/clicker-ovale-a-strass\/","og_locale":"fr_FR","og_type":"article","og_title":"Clicker Ovale \u00e0 strass - Clavicula Nox","og_description":"Clicker ovale en titane F136 orn\u00e9 de strass transparents. Sa forme allong\u00e9e en fait un bijou id\u00e9al pour le daith.  Diam\u00e8tre 1,2mm","og_url":"https:\/\/claviculanoxshop.fr\/index.php\/produit\/clicker-ovale-a-strass\/","og_site_name":"Clavicula Nox","article_modified_time":"2025-09-18T02:31:23+00:00","og_image":[{"width":1500,"height":1000,"url":"https:\/\/i0.wp.com\/claviculanoxshop.fr\/wp-content\/uploads\/2022\/04\/Boutique-2-3.jpg?fit=1500%2C1000&ssl=1","type":"image\/jpeg"}],"twitter_card":"summary_large_image","schema":{"@context":"https:\/\/schema.org","@graph":[{"@type":"WebSite","@id":"https:\/\/claviculanoxshop.fr\/#website","url":"https:\/\/claviculanoxshop.fr\/","name":"Clavicula Nox","description":"Boutique de piercing","potentialAction":[{"@type":"SearchAction","target":{"@type":"EntryPoint","urlTemplate":"https:\/\/claviculanoxshop.fr\/?s={search_term_string}"},"query-input":"required name=search_term_string"}],"inLanguage":"fr-FR"},{"@type":"ImageObject","inLanguage":"fr-FR","@id":"https:\/\/claviculanoxshop.fr\/index.php\/produit\/clicker-ovale-a-strass\/#primaryimage","url":"https:\/\/i0.wp.com\/claviculanoxshop.fr\/wp-content\/uploads\/2022\/04\/Boutique-2-3.jpg?fit=1500%2C1000&ssl=1","contentUrl":"https:\/\/i0.wp.com\/claviculanoxshop.fr\/wp-content\/uploads\/2022\/04\/Boutique-2-3.jpg?fit=1500%2C1000&ssl=1","width":1500,"height":1000},{"@type":"WebPage","@id":"https:\/\/claviculanoxshop.fr\/index.php\/produit\/clicker-ovale-a-strass\/#webpage","url":"https:\/\/claviculanoxshop.fr\/index.php\/produit\/clicker-ovale-a-strass\/","name":"Clicker Ovale \u00e0 strass - Clavicula Nox","isPartOf":{"@id":"https:\/\/claviculanoxshop.fr\/#website"},"primaryImageOfPage":{"@id":"https:\/\/claviculanoxshop.fr\/index.php\/produit\/clicker-ovale-a-strass\/#primaryimage"},"datePublished":"2022-04-16T21:12:00+00:00","dateModified":"2025-09-18T02:31:23+00:00","breadcrumb":{"@id":"https:\/\/claviculanoxshop.fr\/index.php\/produit\/clicker-ovale-a-strass\/#breadcrumb"},"inLanguage":"fr-FR","potentialAction":[{"@type":"ReadAction","target":["https:\/\/claviculanoxshop.fr\/index.php\/produit\/clicker-ovale-a-strass\/"]}]},{"@type":"BreadcrumbList","@id":"https:\/\/claviculanoxshop.fr\/index.php\/produit\/clicker-ovale-a-strass\/#breadcrumb","itemListElement":[{"@type":"ListItem","position":1,"name":"Accueil","item":"https:\/\/claviculanoxshop.fr\/"},{"@type":"ListItem","position":2,"name":"Boutique","item":"https:\/\/claviculanoxshop.fr\/index.php\/boutique\/"},{"@type":"ListItem","position":3,"name":"Clicker Ovale \u00e0 strass"}]}]}},"_links":{"self":[{"href":"https:\/\/claviculanoxshop.fr\/index.php\/wp-json\/wp\/v2\/product\/68","targetHints":{"allow":["GET"]}}],"collection":[{"href":"https:\/\/claviculanoxshop.fr\/index.php\/wp-json\/wp\/v2\/product"}],"about":[{"href":"https:\/\/claviculanoxshop.fr\/index.php\/wp-json\/wp\/v2\/types\/product"}],"replies":[{"embeddable":true,"href":"https:\/\/claviculanoxshop.fr\/index.php\/wp-json\/wp\/v2\/comments?post=68"}],"wp:featuredmedia":[{"embeddable":true,"href":"https:\/\/claviculanoxshop.fr\/index.php\/wp-json\/wp\/v2\/media\/62"}],"wp:attachment":[{"href":"https:\/\/claviculanoxshop.fr\/index.php\/wp-json\/wp\/v2\/media?parent=68"}],"wp:term":[{"taxonomy":"product_cat","embeddable":true,"href":"https:\/\/claviculanoxshop.fr\/index.php\/wp-json\/wp\/v2\/product_cat?post=68"},{"taxonomy":"product_tag","embeddable":true,"href":"https:\/\/claviculanoxshop.fr\/index.php\/wp-json\/wp\/v2\/product_tag?post=68"}],"curies":[{"name":"wp","href":"https:\/\/api.w.org\/{rel}","templated":true}]}}